{"id":11,"date":"2024-03-06T16:38:23","date_gmt":"2024-03-06T16:38:23","guid":{"rendered":"https:\/\/www.patatasbeltran.com\/web\/?page_id=11"},"modified":"2024-03-13T10:44:56","modified_gmt":"2024-03-13T10:44:56","slug":"home","status":"publish","type":"page","link":"https:\/\/www.patatasbeltran.com\/web\/","title":{"rendered":"home"},"content":{"rendered":"<p>[et_pb_section fb_built=\u00bb1&#8243; fullwidth=\u00bbon\u00bb _builder_version=\u00bb4.24.2&#8243; _module_preset=\u00bbdefault\u00bb background_image=\u00bbhttps:\/\/www.patatasbeltran.com\/web\/wp-content\/uploads\/2024\/03\/01_CABECERA_HOME.jpg\u00bb custom_padding=\u00bb300px||300px||true|false\u00bb hover_enabled=\u00bb0&#8243; global_colors_info=\u00bb{}\u00bb custom_padding_last_edited=\u00bbon|phone\u00bb custom_padding_phone=\u00bb100px||100px||true|false\u00bb sticky_enabled=\u00bb0&#8243; custom_padding_tablet=\u00bb300px||300px||true|false\u00bb][et_pb_fullwidth_header title=\u00bbCriamos patatas que dan prestigio\u00bb content_max_width=\u00bb50%\u00bb _builder_version=\u00bb4.24.2&#8243; _module_preset=\u00bbdefault\u00bb title_font=\u00bbJost|700|||||||\u00bb title_font_size=\u00bb35px\u00bb content_font=\u00bbRoboto||||||||\u00bb background_enable_color=\u00bboff\u00bb hover_enabled=\u00bb0&#8243; global_colors_info=\u00bb{}\u00bb title_text_color_last_edited=\u00bbon|phone\u00bb sticky_enabled=\u00bb0&#8243;]<\/p>\n<p>&nbsp;<\/p>\n<p>Directas de la tierra a nuestros clientes. Recolectadas a mano. Esta es la base que nos ha caracterizado desde hace m\u00e1s de 50 a\u00f1os. El trabajo bien hecho para ofrecer las mejores patatas de consumo, con la responsabilidad de ser uno de los l\u00edderes europeos en el cultivo y comercializacion de patatas.<\/p>\n<p>[\/et_pb_fullwidth_header][\/et_pb_section][et_pb_section fb_built=\u00bb1&#8243; _builder_version=\u00bb4.24.2&#8243; _module_preset=\u00bbdefault\u00bb global_colors_info=\u00bb{}\u00bb][et_pb_row column_structure=\u00bb1_2,1_2&#8243; use_custom_gutter=\u00bbon\u00bb gutter_width=\u00bb2&#8243; _builder_version=\u00bb4.24.2&#8243; _module_preset=\u00bbdefault\u00bb width=\u00bb100%\u00bb module_alignment=\u00bbcenter\u00bb custom_margin=\u00bb|||0px|false|false\u00bb global_colors_info=\u00bb{}\u00bb][et_pb_column type=\u00bb1_2&#8243; _builder_version=\u00bb4.24.2&#8243; _module_preset=\u00bbdefault\u00bb global_colors_info=\u00bb{}\u00bb][et_pb_image src=\u00bbhttps:\/\/www.patatasbeltran.com\/web\/wp-content\/uploads\/2024\/03\/02_CULTIVO-Y-PATATA.png\u00bb title_text=\u00bb02_CULTIVO Y PATATA\u00bb _builder_version=\u00bb4.24.2&#8243; _module_preset=\u00bbdefault\u00bb custom_margin=\u00bb0px||||false|false\u00bb global_colors_info=\u00bb{}\u00bb][\/et_pb_image][\/et_pb_column][et_pb_column type=\u00bb1_2&#8243; _builder_version=\u00bb4.24.2&#8243; _module_preset=\u00bbdefault\u00bb global_colors_info=\u00bb{}\u00bb][et_pb_text _builder_version=\u00bb4.24.2&#8243; _module_preset=\u00bbdefault\u00bb text_font=\u00bbRoboto||||||||\u00bb text_text_color=\u00bb#2f2d7e\u00bb header_3_font=\u00bbSatisfy||||||||\u00bb header_3_text_color=\u00bb#e19a33&#8243; header_3_font_size=\u00bb40px\u00bb header_4_font=\u00bbJost|700|||||||\u00bb header_4_text_color=\u00bb#2f2d7e\u00bb header_4_font_size=\u00bb16px\u00bb global_colors_info=\u00bb{}\u00bb]<\/p>\n<h3>Nuestra forma de entender la agricultura<\/h3>\n<h4>Visi\u00f3n &amp; valores<\/h4>\n<p>&nbsp;<\/p>\n<p>Nuestra constancia y esfuerzo nos ha hecho ser de los agricultores m\u00e1s grandes de Europa, adem\u00e1s de especialistas en el desarrollo de nuevas variedades. 100% patatas espa\u00f1olas de gran calidad y para todo tipo de usos. Especialmente en frito durante los 365 d\u00edas del a\u00f1o. Cultivos propios para garantizar sabor y calidad. Calidad Beltr\u00e1n.<\/p>\n<p>[\/et_pb_text][\/et_pb_column][\/et_pb_row][\/et_pb_section][et_pb_section fb_built=\u00bb1&#8243; _builder_version=\u00bb4.24.2&#8243; _module_preset=\u00bbdefault\u00bb custom_margin=\u00bb0px||||false|false\u00bb custom_padding=\u00bb0px||||false|false\u00bb global_colors_info=\u00bb{}\u00bb][et_pb_row _builder_version=\u00bb4.24.2&#8243; _module_preset=\u00bbdefault\u00bb custom_margin=\u00bb0px||0px||false|false\u00bb custom_padding=\u00bb0px||0px||false|false\u00bb global_colors_info=\u00bb{}\u00bb][et_pb_column type=\u00bb4_4&#8243; _builder_version=\u00bb4.24.2&#8243; _module_preset=\u00bbdefault\u00bb global_colors_info=\u00bb{}\u00bb][et_pb_text _builder_version=\u00bb4.24.2&#8243; _module_preset=\u00bbdefault\u00bb header_2_font=\u00bbJost|700|||||||\u00bb header_2_text_align=\u00bbcenter\u00bb header_2_text_color=\u00bb#2f2d7e\u00bb header_2_font_size=\u00bb50px\u00bb custom_margin=\u00bb0px||0px||false|false\u00bb custom_padding=\u00bb0px||0px||false|false\u00bb global_colors_info=\u00bb{}\u00bb]<\/p>\n<h2>Nuestros productos<\/h2>\n<p>[\/et_pb_text][\/et_pb_column][\/et_pb_row][et_pb_row _builder_version=\u00bb4.24.2&#8243; _module_preset=\u00bbdefault\u00bb custom_margin=\u00bb||0px||false|false\u00bb custom_padding=\u00bb||0px||false|false\u00bb global_colors_info=\u00bb{}\u00bb][et_pb_column type=\u00bb4_4&#8243; _builder_version=\u00bb4.24.2&#8243; _module_preset=\u00bbdefault\u00bb global_colors_info=\u00bb{}\u00bb][et_pb_shop type=\u00bblatest\u00bb icon_hover_color=\u00bb#2f2d7e\u00bb hover_icon=\u00bb&#xe050;||divi||400&#8243; show_price=\u00bboff\u00bb _builder_version=\u00bb4.24.2&#8243; _module_preset=\u00bbdefault\u00bb title_font=\u00bb|||on|||||\u00bb title_text_align=\u00bbcenter\u00bb text_orientation=\u00bbcenter\u00bb global_colors_info=\u00bb{}\u00bb][\/et_pb_shop][\/et_pb_column][\/et_pb_row][\/et_pb_section][et_pb_section fb_built=\u00bb1&#8243; _builder_version=\u00bb4.24.2&#8243; _module_preset=\u00bbdefault\u00bb background_image=\u00bbhttps:\/\/www.patatasbeltran.com\/web\/wp-content\/uploads\/2024\/03\/03_beltran-y-campo.jpg\u00bb background_size=\u00bbcustom\u00bb background_image_width=\u00bb98%\u00bb width=\u00bb75%\u00bb module_alignment=\u00bbcenter\u00bb custom_padding=\u00bb118px||118px||true|false\u00bb global_colors_info=\u00bb{}\u00bb][et_pb_row column_structure=\u00bb1_2,1_2&#8243; _builder_version=\u00bb4.24.2&#8243; _module_preset=\u00bbdefault\u00bb global_colors_info=\u00bb{}\u00bb][et_pb_column type=\u00bb1_2&#8243; _builder_version=\u00bb4.24.2&#8243; _module_preset=\u00bbdefault\u00bb global_colors_info=\u00bb{}\u00bb][et_pb_text _builder_version=\u00bb4.24.2&#8243; _module_preset=\u00bbdefault\u00bb header_2_font=\u00bbJost|700|||||||\u00bb header_2_text_color=\u00bb#FFFFFF\u00bb header_2_font_size=\u00bb55px\u00bb header_3_font=\u00bbSatisfy||||||||\u00bb header_3_text_color=\u00bb#FFFFFF\u00bb header_3_font_size=\u00bb40px\u00bb global_colors_info=\u00bb{}\u00bb]<\/p>\n<h2>Nuestra forma de trabajar<\/h2>\n<h3>Esfuerzo y constancia<\/h3>\n<p>[\/et_pb_text][\/et_pb_column][et_pb_column type=\u00bb1_2&#8243; _builder_version=\u00bb4.24.2&#8243; _module_preset=\u00bbdefault\u00bb global_colors_info=\u00bb{}\u00bb][et_pb_text _builder_version=\u00bb4.24.2&#8243; _module_preset=\u00bbdefault\u00bb text_font=\u00bbRoboto||||||||\u00bb text_text_color=\u00bb#FFFFFF\u00bb text_font_size=\u00bb16px\u00bb header_font=\u00bbRoboto||||||||\u00bb header_text_color=\u00bb#FFFFFF\u00bb custom_margin=\u00bb||||false|true\u00bb custom_padding=\u00bb15px||||false|false\u00bb global_colors_info=\u00bb{}\u00bb]<\/p>\n<p>Cada semilla, cada mata, cada patata que se recolecta y envasa&#8230; todo con el mayor mimo y cuidado. Supervisamos que todo sea perfecto y lo que sirvamos a nuestros clientes supere siempre sus expectativas. Un compromiso con la eficacia y la frescura.<\/p>\n<p>[\/et_pb_text][et_pb_button button_url=\u00bb#\u00bb url_new_window=\u00bbon\u00bb button_text=\u00bbSaber m\u00e1s\u00bb _builder_version=\u00bb4.24.2&#8243; _module_preset=\u00bbdefault\u00bb custom_button=\u00bbon\u00bb button_text_size=\u00bb16px\u00bb button_text_color=\u00bb#FFFFFF\u00bb button_border_width=\u00bb3px\u00bb button_border_radius=\u00bb25px\u00bb global_colors_info=\u00bb{}\u00bb][\/et_pb_button][\/et_pb_column][\/et_pb_row][\/et_pb_section][et_pb_section fb_built=\u00bb1&#8243; _builder_version=\u00bb4.24.2&#8243; _module_preset=\u00bbdefault\u00bb global_colors_info=\u00bb{}\u00bb][et_pb_row column_structure=\u00bb3_5,2_5&#8243; use_custom_gutter=\u00bbon\u00bb gutter_width=\u00bb1&#8243; make_equal=\u00bbon\u00bb _builder_version=\u00bb4.24.2&#8243; _module_preset=\u00bbdefault\u00bb background_enable_image=\u00bboff\u00bb width=\u00bb100%\u00bb module_alignment=\u00bbcenter\u00bb custom_margin=\u00bb0px|0px|0px|0px|true|false\u00bb custom_padding=\u00bb0px|0px|0px|0px|true|false\u00bb border_radii=\u00bbon|8px|8px|8px|8px\u00bb border_width_all=\u00bb2px\u00bb border_color_all=\u00bb#000000&#8243; global_colors_info=\u00bb{}\u00bb][et_pb_column type=\u00bb3_5&#8243; _builder_version=\u00bb4.24.2&#8243; _module_preset=\u00bbdefault\u00bb background_image=\u00bbhttps:\/\/www.patatasbeltran.com\/web\/wp-content\/uploads\/2024\/03\/04_SEMILLAS.jpg\u00bb custom_padding=\u00bb||||true|true\u00bb global_colors_info=\u00bb{}\u00bb][et_pb_text _builder_version=\u00bb4.24.2&#8243; _module_preset=\u00bbdefault\u00bb header_2_font=\u00bbJost|700|||||||\u00bb header_2_text_color=\u00bb#FFFFFF\u00bb header_2_font_size=\u00bb55px\u00bb header_3_font=\u00bbSatisfy||||||||\u00bb header_3_text_color=\u00bb#FFFFFF\u00bb header_3_font_size=\u00bb40px\u00bb custom_margin=\u00bb|63px||63px|false|true\u00bb custom_padding=\u00bb75px||75px||true|true\u00bb global_colors_info=\u00bb{}\u00bb]<\/p>\n<h2>Descubre<br \/>nuestras<br \/>semillas<\/h2>\n<p>&nbsp;<\/p>\n<h3>Valor de futuro<\/h3>\n<p>[\/et_pb_text][\/et_pb_column][et_pb_column type=\u00bb2_5&#8243; _builder_version=\u00bb4.24.2&#8243; _module_preset=\u00bbdefault\u00bb background_color=\u00bbrgba(191,191,191,0)\u00bb global_colors_info=\u00bb{}\u00bb][et_pb_slider use_bg_overlay=\u00bboff\u00bb use_text_overlay=\u00bboff\u00bb arrows_custom_color=\u00bb#2f2d7e\u00bb dot_nav_custom_color=\u00bb#2f2d7e\u00bb _builder_version=\u00bb4.24.2&#8243; _module_preset=\u00bbdefault\u00bb min_height=\u00bb281.3px\u00bb custom_margin=\u00bb||||false|false\u00bb global_colors_info=\u00bb{}\u00bb][et_pb_slide heading=\u00bbPata de la variedad Agria\u00bb image=\u00bbhttps:\/\/www.patatasbeltran.com\/web\/wp-content\/uploads\/2024\/03\/Recurso-14@2x-100.jpg\u00bb _builder_version=\u00bb4.24.2&#8243; _module_preset=\u00bbdefault\u00bb header_level=\u00bbh2&#8243; header_font=\u00bbJost|700|||||||\u00bb header_text_color=\u00bb#2f2d7e\u00bb background_enable_color=\u00bboff\u00bb custom_padding=\u00bb||||false|false\u00bb global_colors_info=\u00bb{}\u00bb sticky_transition=\u00bbon\u00bb][\/et_pb_slide][et_pb_slide heading=\u00bbPata de la variedad Sultana\u00bb image=\u00bbhttps:\/\/www.patatasbeltran.com\/web\/wp-content\/uploads\/2024\/03\/Recurso-15@2x-100.jpg\u00bb _builder_version=\u00bb4.24.2&#8243; _module_preset=\u00bbdefault\u00bb header_level=\u00bbh2&#8243; header_font=\u00bbJost|700|||||||\u00bb header_text_color=\u00bb#2f2d7e\u00bb background_enable_color=\u00bboff\u00bb custom_padding=\u00bb||||false|false\u00bb global_colors_info=\u00bb{}\u00bb sticky_transition=\u00bbon\u00bb][\/et_pb_slide][et_pb_slide heading=\u00bbPata de la variedad Bellini\u00bb image=\u00bbhttps:\/\/www.patatasbeltran.com\/web\/wp-content\/uploads\/2024\/03\/Recurso-8@2x-100.jpg\u00bb _builder_version=\u00bb4.24.2&#8243; _module_preset=\u00bbdefault\u00bb header_level=\u00bbh2&#8243; header_font=\u00bbJost|700|||||||\u00bb header_text_color=\u00bb#2f2d7e\u00bb background_enable_color=\u00bboff\u00bb custom_padding=\u00bb||||false|false\u00bb global_colors_info=\u00bb{}\u00bb sticky_transition=\u00bbon\u00bb][\/et_pb_slide][\/et_pb_slider][\/et_pb_column][\/et_pb_row][\/et_pb_section][et_pb_section fb_built=\u00bb1&#8243; _builder_version=\u00bb4.24.2&#8243; _module_preset=\u00bbdefault\u00bb global_colors_info=\u00bb{}\u00bb][et_pb_row _builder_version=\u00bb4.24.2&#8243; _module_preset=\u00bbdefault\u00bb custom_margin=\u00bb0px||0px||false|false\u00bb custom_padding=\u00bb0px||0px||false|false\u00bb global_colors_info=\u00bb{}\u00bb][et_pb_column type=\u00bb4_4&#8243; _builder_version=\u00bb4.24.2&#8243; _module_preset=\u00bbdefault\u00bb global_colors_info=\u00bb{}\u00bb][et_pb_image src=\u00bbhttps:\/\/www.patatasbeltran.com\/web\/wp-content\/uploads\/2024\/03\/Recurso-24@2x-100.jpg\u00bb title_text=\u00bbRecurso 24@2x-100&#8243; align=\u00bbcenter\u00bb _builder_version=\u00bb4.24.2&#8243; _module_preset=\u00bbdefault\u00bb global_colors_info=\u00bb{}\u00bb][\/et_pb_image][\/et_pb_column][\/et_pb_row][\/et_pb_section][et_pb_section fb_built=\u00bb1&#8243; _builder_version=\u00bb4.24.2&#8243; _module_preset=\u00bbdefault\u00bb background_image=\u00bbhttps:\/\/www.patatasbeltran.com\/web\/wp-content\/uploads\/2024\/03\/Recurso-26@4x-100.jpg\u00bb global_colors_info=\u00bb{}\u00bb][et_pb_row column_structure=\u00bb2_5,3_5&#8243; _builder_version=\u00bb4.24.2&#8243; _module_preset=\u00bbdefault\u00bb background_enable_image=\u00bboff\u00bb custom_margin=\u00bb0px||||false|false\u00bb custom_padding=\u00bb0px||30px||false|false\u00bb global_colors_info=\u00bb{}\u00bb][et_pb_column type=\u00bb2_5&#8243; _builder_version=\u00bb4.24.2&#8243; _module_preset=\u00bbdefault\u00bb global_colors_info=\u00bb{}\u00bb][\/et_pb_column][et_pb_column type=\u00bb3_5&#8243; _builder_version=\u00bb4.24.2&#8243; _module_preset=\u00bbdefault\u00bb custom_padding=\u00bb||||false|true\u00bb global_colors_info=\u00bb{}\u00bb][et_pb_text _builder_version=\u00bb4.24.2&#8243; _module_preset=\u00bbdefault\u00bb header_2_font=\u00bbJost|700|||||||\u00bb header_2_text_color=\u00bb#FFFFFF\u00bb header_2_font_size=\u00bb55px\u00bb header_3_font=\u00bbSatisfy||||||||\u00bb header_3_text_color=\u00bb#FFFFFF\u00bb header_3_font_size=\u00bb40px\u00bb custom_margin=\u00bb67px||||false|false\u00bb custom_padding=\u00bb||||false|false\u00bb global_colors_info=\u00bb{}\u00bb]<\/p>\n<h3 class=\"p1\">Un gran equipo<\/h3>\n<h2 class=\"p1\"><span class=\"s1\">el compromiso<br \/>de nuestros trabajadores<\/span><\/h2>\n<p>[\/et_pb_text][et_pb_text _builder_version=\u00bb4.24.2&#8243; _module_preset=\u00bbdefault\u00bb text_font=\u00bbRoboto||||||||\u00bb text_text_color=\u00bb#2f2d7e\u00bb text_font_size=\u00bb16px\u00bb custom_margin=\u00bb116px|200px|||false|false\u00bb global_colors_info=\u00bb{}\u00bb]<\/p>\n<p>La familia que compone Patatas Beltr\u00e1n trabaja duro cada d\u00eda para que nuestro producto sea siempre premium. Gracias a todas las personas que trabajan con nosotros podemos hacer realidad nuestro compromiso.<\/p>\n<p>[\/et_pb_text][\/et_pb_column][\/et_pb_row][\/et_pb_section]<\/p>\n","protected":false},"excerpt":{"rendered":"<p>&nbsp; Directas de la tierra a nuestros clientes. Recolectadas a mano. Esta es la base que nos ha caracterizado desde hace m\u00e1s de 50 a\u00f1os. El trabajo bien hecho para ofrecer las mejores patatas de consumo, con la responsabilidad de ser uno de los l\u00edderes europeos en el cultivo y comercializacion de patatas.Nuestra forma de [&hellip;]<\/p>\n","protected":false},"author":1,"featured_media":0,"parent":0,"menu_order":0,"comment_status":"closed","ping_status":"closed","template":"","meta":{"_et_pb_use_builder":"on","_et_pb_old_content":"","_et_gb_content_width":"","footnotes":""},"yoast_head":"<!-- This site is optimized with the Yoast SEO plugin v22.4 - https:\/\/yoast.com\/wordpress\/plugins\/seo\/ -->\n<title>home - Patatas Beltr\u00e1n<\/title>\n<meta name=\"robots\" content=\"index, follow, max-snippet:-1, max-image-preview:large, max-video-preview:-1\" \/>\n<link rel=\"canonical\" href=\"https:\/\/www.patatasbeltran.com\/web\/\" \/>\n<meta property=\"og:locale\" content=\"es_ES\" \/>\n<meta property=\"og:type\" content=\"article\" \/>\n<meta property=\"og:title\" content=\"home - Patatas Beltr\u00e1n\" \/>\n<meta property=\"og:description\" content=\"&nbsp; Directas de la tierra a nuestros clientes. Recolectadas a mano. Esta es la base que nos ha caracterizado desde hace m\u00e1s de 50 a\u00f1os. El trabajo bien hecho para ofrecer las mejores patatas de consumo, con la responsabilidad de ser uno de los l\u00edderes europeos en el cultivo y comercializacion de patatas.Nuestra forma de [&hellip;]\" \/>\n<meta property=\"og:url\" content=\"https:\/\/www.patatasbeltran.com\/web\/\" \/>\n<meta property=\"og:site_name\" content=\"Patatas Beltr\u00e1n\" \/>\n<meta property=\"article:modified_time\" content=\"2024-03-13T10:44:56+00:00\" \/>\n<meta name=\"twitter:card\" content=\"summary_large_image\" \/>\n<meta name=\"twitter:label1\" content=\"Tiempo de lectura\" \/>\n\t<meta name=\"twitter:data1\" content=\"8 minutos\" \/>\n<script type=\"application\/ld+json\" class=\"yoast-schema-graph\">{\"@context\":\"https:\/\/schema.org\",\"@graph\":[{\"@type\":\"WebPage\",\"@id\":\"https:\/\/www.patatasbeltran.com\/web\/\",\"url\":\"https:\/\/www.patatasbeltran.com\/web\/\",\"name\":\"home - Patatas Beltr\u00e1n\",\"isPartOf\":{\"@id\":\"https:\/\/www.patatasbeltran.com\/web\/#website\"},\"datePublished\":\"2024-03-06T16:38:23+00:00\",\"dateModified\":\"2024-03-13T10:44:56+00:00\",\"breadcrumb\":{\"@id\":\"https:\/\/www.patatasbeltran.com\/web\/#breadcrumb\"},\"inLanguage\":\"es\",\"potentialAction\":[{\"@type\":\"ReadAction\",\"target\":[\"https:\/\/www.patatasbeltran.com\/web\/\"]}]},{\"@type\":\"BreadcrumbList\",\"@id\":\"https:\/\/www.patatasbeltran.com\/web\/#breadcrumb\",\"itemListElement\":[{\"@type\":\"ListItem\",\"position\":1,\"name\":\"Portada\",\"item\":\"https:\/\/www.patatasbeltran.com\/web\/\"},{\"@type\":\"ListItem\",\"position\":2,\"name\":\"home\"}]},{\"@type\":\"WebSite\",\"@id\":\"https:\/\/www.patatasbeltran.com\/web\/#website\",\"url\":\"https:\/\/www.patatasbeltran.com\/web\/\",\"name\":\"Patatas Beltr\u00e1n\",\"description\":\"Tu web de patatas de confianza\",\"potentialAction\":[{\"@type\":\"SearchAction\",\"target\":{\"@type\":\"EntryPoint\",\"urlTemplate\":\"https:\/\/www.patatasbeltran.com\/web\/?s={search_term_string}\"},\"query-input\":\"required name=search_term_string\"}],\"inLanguage\":\"es\"}]}<\/script>\n<!-- \/ Yoast SEO plugin. -->","yoast_head_json":{"title":"home - Patatas Beltr\u00e1n","robots":{"index":"index","follow":"follow","max-snippet":"max-snippet:-1","max-image-preview":"max-image-preview:large","max-video-preview":"max-video-preview:-1"},"canonical":"https:\/\/www.patatasbeltran.com\/web\/","og_locale":"es_ES","og_type":"article","og_title":"home - Patatas Beltr\u00e1n","og_description":"&nbsp; Directas de la tierra a nuestros clientes. Recolectadas a mano. Esta es la base que nos ha caracterizado desde hace m\u00e1s de 50 a\u00f1os. El trabajo bien hecho para ofrecer las mejores patatas de consumo, con la responsabilidad de ser uno de los l\u00edderes europeos en el cultivo y comercializacion de patatas.Nuestra forma de [&hellip;]","og_url":"https:\/\/www.patatasbeltran.com\/web\/","og_site_name":"Patatas Beltr\u00e1n","article_modified_time":"2024-03-13T10:44:56+00:00","twitter_card":"summary_large_image","twitter_misc":{"Tiempo de lectura":"8 minutos"},"schema":{"@context":"https:\/\/schema.org","@graph":[{"@type":"WebPage","@id":"https:\/\/www.patatasbeltran.com\/web\/","url":"https:\/\/www.patatasbeltran.com\/web\/","name":"home - Patatas Beltr\u00e1n","isPartOf":{"@id":"https:\/\/www.patatasbeltran.com\/web\/#website"},"datePublished":"2024-03-06T16:38:23+00:00","dateModified":"2024-03-13T10:44:56+00:00","breadcrumb":{"@id":"https:\/\/www.patatasbeltran.com\/web\/#breadcrumb"},"inLanguage":"es","potentialAction":[{"@type":"ReadAction","target":["https:\/\/www.patatasbeltran.com\/web\/"]}]},{"@type":"BreadcrumbList","@id":"https:\/\/www.patatasbeltran.com\/web\/#breadcrumb","itemListElement":[{"@type":"ListItem","position":1,"name":"Portada","item":"https:\/\/www.patatasbeltran.com\/web\/"},{"@type":"ListItem","position":2,"name":"home"}]},{"@type":"WebSite","@id":"https:\/\/www.patatasbeltran.com\/web\/#website","url":"https:\/\/www.patatasbeltran.com\/web\/","name":"Patatas Beltr\u00e1n","description":"Tu web de patatas de confianza","potentialAction":[{"@type":"SearchAction","target":{"@type":"EntryPoint","urlTemplate":"https:\/\/www.patatasbeltran.com\/web\/?s={search_term_string}"},"query-input":"required name=search_term_string"}],"inLanguage":"es"}]}},"_links":{"self":[{"href":"https:\/\/www.patatasbeltran.com\/web\/wp-json\/wp\/v2\/pages\/11"}],"collection":[{"href":"https:\/\/www.patatasbeltran.com\/web\/wp-json\/wp\/v2\/pages"}],"about":[{"href":"https:\/\/www.patatasbeltran.com\/web\/wp-json\/wp\/v2\/types\/page"}],"author":[{"embeddable":true,"href":"https:\/\/www.patatasbeltran.com\/web\/wp-json\/wp\/v2\/users\/1"}],"replies":[{"embeddable":true,"href":"https:\/\/www.patatasbeltran.com\/web\/wp-json\/wp\/v2\/comments?post=11"}],"version-history":[{"count":10,"href":"https:\/\/www.patatasbeltran.com\/web\/wp-json\/wp\/v2\/pages\/11\/revisions"}],"predecessor-version":[{"id":190,"href":"https:\/\/www.patatasbeltran.com\/web\/wp-json\/wp\/v2\/pages\/11\/revisions\/190"}],"wp:attachment":[{"href":"https:\/\/www.patatasbeltran.com\/web\/wp-json\/wp\/v2\/media?parent=11"}],"curies":[{"name":"wp","href":"https:\/\/api.w.org\/{rel}","templated":true}]}}